{"id":3114,"date":"2024-05-02T10:11:41","date_gmt":"2024-05-02T08:11:41","guid":{"rendered":"https:\/\/nico-zimmermann.de\/?page_id=3114"},"modified":"2025-03-26T16:51:01","modified_gmt":"2025-03-26T15:51:01","slug":"about-us","status":"publish","type":"page","link":"https:\/\/nico-zimmermann.de\/?page_id=3114","title":{"rendered":"About Us"},"content":{"rendered":"\t\t<div data-elementor-type=\"wp-page\" data-elementor-id=\"3114\" class=\"elementor elementor-3114\" data-elementor-post-type=\"page\">\n\t\t\t\t<div class=\"elementor-element elementor-element-431954e9 e-flex e-con-boxed e-con e-parent\" data-id=\"431954e9\" data-element_type=\"container\" data-e-type=\"container\" data-settings=\"{&quot;background_background&quot;:&quot;classic&quot;}\">\n\t\t\t\t\t<div class=\"e-con-inner\">\n\t\t\t\t<div class=\"elementor-element elementor-element-5310e8ee elementor-widget elementor-widget-spacer\" data-id=\"5310e8ee\" data-element_type=\"widget\" data-e-type=\"widget\" data-widget_type=\"spacer.default\">\n\t\t\t\t<div class=\"elementor-widget-container\">\n\t\t\t\t\t\t\t<div class=\"elementor-spacer\">\n\t\t\t<div class=\"elementor-spacer-inner\"><\/div>\n\t\t<\/div>\n\t\t\t\t\t\t<\/div>\n\t\t\t\t<\/div>\n\t\t\t\t<div class=\"elementor-element elementor-element-61dbefc6 elementor-widget elementor-widget-heading\" data-id=\"61dbefc6\" data-element_type=\"widget\" data-e-type=\"widget\" data-widget_type=\"heading.default\">\n\t\t\t\t<div class=\"elementor-widget-container\">\n\t\t\t\t\t<h2 class=\"elementor-heading-title elementor-size-default\">\u00dcber Mich<\/h2>\t\t\t\t<\/div>\n\t\t\t\t<\/div>\n\t\t\t\t<div class=\"elementor-element elementor-element-39a9db82 elementor-widget elementor-widget-spacer\" data-id=\"39a9db82\" data-element_type=\"widget\" data-e-type=\"widget\" data-widget_type=\"spacer.default\">\n\t\t\t\t<div class=\"elementor-widget-container\">\n\t\t\t\t\t\t\t<div class=\"elementor-spacer\">\n\t\t\t<div class=\"elementor-spacer-inner\"><\/div>\n\t\t<\/div>\n\t\t\t\t\t\t<\/div>\n\t\t\t\t<\/div>\n\t\t\t\t\t<\/div>\n\t\t\t\t<\/div>\n\t\t<div class=\"elementor-element elementor-element-30e345e1 e-con-full e-flex e-con e-parent\" data-id=\"30e345e1\" data-element_type=\"container\" data-e-type=\"container\">\n\t\t<div class=\"elementor-element elementor-element-75dc2ce2 e-con-full e-flex e-con e-child\" data-id=\"75dc2ce2\" data-element_type=\"container\" data-e-type=\"container\" data-settings=\"{&quot;background_background&quot;:&quot;classic&quot;}\">\n\t\t\t\t<div class=\"elementor-element elementor-element-c0165c9 elementor-widget elementor-widget-spacer\" data-id=\"c0165c9\" data-element_type=\"widget\" data-e-type=\"widget\" data-widget_type=\"spacer.default\">\n\t\t\t\t<div class=\"elementor-widget-container\">\n\t\t\t\t\t\t\t<div class=\"elementor-spacer\">\n\t\t\t<div class=\"elementor-spacer-inner\"><\/div>\n\t\t<\/div>\n\t\t\t\t\t\t<\/div>\n\t\t\t\t<\/div>\n\t\t\t\t<div class=\"elementor-element elementor-element-b0acbe0 elementor-widget elementor-widget-image\" data-id=\"b0acbe0\" data-element_type=\"widget\" data-e-type=\"widget\" data-widget_type=\"image.default\">\n\t\t\t\t<div class=\"elementor-widget-container\">\n\t\t\t\t\t\t\t\t\t\t\t\t\t\t\t<img fetchpriority=\"high\" decoding=\"async\" width=\"732\" height=\"1024\" src=\"https:\/\/nico-zimmermann.de\/wp-content\/uploads\/2024\/05\/roamer2-38-von-47-732x1024.jpg\" class=\"attachment-large size-large wp-image-3441\" alt=\"\" srcset=\"https:\/\/nico-zimmermann.de\/wp-content\/uploads\/2024\/05\/roamer2-38-von-47-732x1024.jpg 732w, https:\/\/nico-zimmermann.de\/wp-content\/uploads\/2024\/05\/roamer2-38-von-47-600x840.jpg 600w, https:\/\/nico-zimmermann.de\/wp-content\/uploads\/2024\/05\/roamer2-38-von-47-214x300.jpg 214w, https:\/\/nico-zimmermann.de\/wp-content\/uploads\/2024\/05\/roamer2-38-von-47-768x1075.jpg 768w, https:\/\/nico-zimmermann.de\/wp-content\/uploads\/2024\/05\/roamer2-38-von-47-1097x1536.jpg 1097w, https:\/\/nico-zimmermann.de\/wp-content\/uploads\/2024\/05\/roamer2-38-von-47.jpg 1463w\" sizes=\"(max-width: 732px) 100vw, 732px\" \/>\t\t\t\t\t\t\t\t\t\t\t\t\t\t\t<\/div>\n\t\t\t\t<\/div>\n\t\t\t\t<\/div>\n\t\t<div class=\"elementor-element elementor-element-2b2d6e9f e-con-full e-flex e-con e-child\" data-id=\"2b2d6e9f\" data-element_type=\"container\" data-e-type=\"container\">\n\t\t\t\t<div class=\"elementor-element elementor-element-48a15ada elementor-widget elementor-widget-heading\" data-id=\"48a15ada\" data-element_type=\"widget\" data-e-type=\"widget\" data-widget_type=\"heading.default\">\n\t\t\t\t<div class=\"elementor-widget-container\">\n\t\t\t\t\t<h1 class=\"elementor-heading-title elementor-size-default\">Das bin ich<\/h1>\t\t\t\t<\/div>\n\t\t\t\t<\/div>\n\t\t\t\t<div class=\"elementor-element elementor-element-50a077ee elementor-widget__width-initial elementor-widget-mobile__width-inherit elementor-widget-tablet__width-initial elementor-widget elementor-widget-text-editor\" data-id=\"50a077ee\" data-element_type=\"widget\" data-e-type=\"widget\" data-widget_type=\"text-editor.default\">\n\t\t\t\t<div class=\"elementor-widget-container\">\n\t\t\t\t\t\t\t\t\t<p>Mein Name ist Nico Zimmermann und ich komme aus dem wundersch\u00f6nen Schwarzwald. Das Erschaffen von cinematischen Bildern und Videos bereitet mir gro\u00dfe Freude!\u00a0<br \/>Inspiration finde ich durch Menschen, Begegnungen, die Natur, durch Geschichten und vor allem durch eigene Erfahrungen.\u00a0<br \/>Man entwickelt sich als Mensch stetig weiter und somit auch sein Stil. (mehr zu meinem Stil unten)<br \/><br \/>Ich bin gerne in der Natur unterwegs, egal ob zu Fu\u00df, mit dem Rad oder mit meinem Camper. Das l\u00e4sst sich super mit der Foto- und Videografie verbinden.\u00a0<br \/><br \/><\/p>\t\t\t\t\t\t\t\t<\/div>\n\t\t\t\t<\/div>\n\t\t\t\t<\/div>\n\t\t\t\t<\/div>\n\t\t<div class=\"elementor-element elementor-element-33ed3592 e-con-full e-flex e-con e-parent\" data-id=\"33ed3592\" data-element_type=\"container\" data-e-type=\"container\">\n\t\t<div class=\"elementor-element elementor-element-3ce7ec36 e-con-full e-flex e-con e-child\" data-id=\"3ce7ec36\" data-element_type=\"container\" data-e-type=\"container\">\n\t\t\t\t<div class=\"elementor-element elementor-element-a3ec1dd elementor-widget elementor-widget-heading\" data-id=\"a3ec1dd\" data-element_type=\"widget\" data-e-type=\"widget\" data-widget_type=\"heading.default\">\n\t\t\t\t<div class=\"elementor-widget-container\">\n\t\t\t\t\t<h1 class=\"elementor-heading-title elementor-size-default\">Mein Stil<\/h1>\t\t\t\t<\/div>\n\t\t\t\t<\/div>\n\t\t\t\t<div class=\"elementor-element elementor-element-2191ec24 elementor-widget__width-initial elementor-widget-mobile__width-inherit elementor-widget-tablet__width-initial elementor-widget elementor-widget-text-editor\" data-id=\"2191ec24\" data-element_type=\"widget\" data-e-type=\"widget\" data-widget_type=\"text-editor.default\">\n\t\t\t\t<div class=\"elementor-widget-container\">\n\t\t\t\t\t\t\t\t\t<p>Meinen Stil w\u00fcrde ich kraftvoll, emotional und cinematisch beschreiben. Mit &#8222;cinematisch&#8220; meine ich das Zusammenspiel aus Bildaufbau, Storytelling, Bildsprache, Perspektive und den Farben.\u00a0<br \/>Die Farben, die man zum Beispiel aus einem Handybild bekommt wirken eher normal und ges\u00e4ttigt, was nicht wirklich eine Emotion untermalt.\u00a0<br \/>Eines der wichtigsten Elemente ist das Licht. Ich arbeite fast immer mit nat\u00fcrlichem Licht. Gerade morgens und abends ist das Licht am kraftvollsten. Die epischsten Aufnahmen bekommt man bei dem Sonnenaufgang und im Abendlicht. In beiden Szenarien ist das Licht eher weich und f\u00e4rbt die Umgebung gelb, rot und oft sogar golden.<br \/>Bei Videos spielt die Musik eine entscheidende Rolle. Sie verleiht dem Videomaterial noch das Gewisse etwas und untermalt die Emotion und die Geschichte.<br \/>Das wichtigste ist bei allem die Geschichte hinter dem Bild oder dem Film. Mein Ziel ist es, bei dem Betrachter etwas auszul\u00f6sen.<\/p><p>\u00a0<\/p>\t\t\t\t\t\t\t\t<\/div>\n\t\t\t\t<\/div>\n\t\t\t\t<\/div>\n\t\t<div class=\"elementor-element elementor-element-76b52b38 e-con-full e-flex e-con e-child\" data-id=\"76b52b38\" data-element_type=\"container\" data-e-type=\"container\" data-settings=\"{&quot;background_background&quot;:&quot;classic&quot;}\">\n\t\t\t\t<div class=\"elementor-element elementor-element-61038d7 elementor-widget elementor-widget-image\" data-id=\"61038d7\" data-element_type=\"widget\" data-e-type=\"widget\" data-widget_type=\"image.default\">\n\t\t\t\t<div class=\"elementor-widget-container\">\n\t\t\t\t\t\t\t\t\t\t\t\t\t\t\t<img decoding=\"async\" width=\"683\" height=\"1024\" src=\"https:\/\/nico-zimmermann.de\/wp-content\/uploads\/2023\/12\/lws-27-von-55-1-683x1024.jpg\" class=\"attachment-large size-large wp-image-1672\" alt=\"\" srcset=\"https:\/\/nico-zimmermann.de\/wp-content\/uploads\/2023\/12\/lws-27-von-55-1-683x1024.jpg 683w, https:\/\/nico-zimmermann.de\/wp-content\/uploads\/2023\/12\/lws-27-von-55-1-600x900.jpg 600w, https:\/\/nico-zimmermann.de\/wp-content\/uploads\/2023\/12\/lws-27-von-55-1-200x300.jpg 200w, https:\/\/nico-zimmermann.de\/wp-content\/uploads\/2023\/12\/lws-27-von-55-1-768x1152.jpg 768w, https:\/\/nico-zimmermann.de\/wp-content\/uploads\/2023\/12\/lws-27-von-55-1-1024x1536.jpg 1024w, https:\/\/nico-zimmermann.de\/wp-content\/uploads\/2023\/12\/lws-27-von-55-1.jpg 1365w\" sizes=\"(max-width: 683px) 100vw, 683px\" \/>\t\t\t\t\t\t\t\t\t\t\t\t\t\t\t<\/div>\n\t\t\t\t<\/div>\n\t\t\t\t<\/div>\n\t\t\t\t<\/div>\n\t\t\t\t<section class=\"elementor-section elementor-top-section elementor-element elementor-element-8a4e3f7 elementor-section-content-middle elementor-section-boxed elementor-section-height-default elementor-section-height-default\" data-id=\"8a4e3f7\" data-element_type=\"section\" data-e-type=\"section\" data-settings=\"{&quot;background_background&quot;:&quot;classic&quot;}\">\n\t\t\t\t\t\t<div class=\"elementor-container elementor-column-gap-default\">\n\t\t\t\t\t<div class=\"elementor-column elementor-col-50 elementor-top-column elementor-element elementor-element-7012603\" data-id=\"7012603\" data-element_type=\"column\" data-e-type=\"column\">\n\t\t\t<div class=\"elementor-widget-wrap elementor-element-populated\">\n\t\t\t\t\t\t<div class=\"elementor-element elementor-element-23f5a58 elementor-widget elementor-widget-heading\" data-id=\"23f5a58\" data-element_type=\"widget\" data-e-type=\"widget\" data-widget_type=\"heading.default\">\n\t\t\t\t<div class=\"elementor-widget-container\">\n\t\t\t\t\t<h3 class=\"elementor-heading-title elementor-size-default\">folge mir, um immer auf dem neusten Stand zu sein \ud83d\ude09<\/h3>\t\t\t\t<\/div>\n\t\t\t\t<\/div>\n\t\t\t\t\t<\/div>\n\t\t<\/div>\n\t\t\t\t<div class=\"elementor-column elementor-col-50 elementor-top-column elementor-element elementor-element-78b3d05\" data-id=\"78b3d05\" data-element_type=\"column\" data-e-type=\"column\">\n\t\t\t<div class=\"elementor-widget-wrap elementor-element-populated\">\n\t\t\t\t\t\t<div class=\"elementor-element elementor-element-a1c787f e-grid-align-mobile-center elementor-shape-rounded elementor-grid-0 e-grid-align-center elementor-widget elementor-widget-social-icons\" data-id=\"a1c787f\" data-element_type=\"widget\" data-e-type=\"widget\" data-widget_type=\"social-icons.default\">\n\t\t\t\t<div class=\"elementor-widget-container\">\n\t\t\t\t\t\t\t<div class=\"elementor-social-icons-wrapper elementor-grid\" role=\"list\">\n\t\t\t\t\t\t\t<span class=\"elementor-grid-item\" role=\"listitem\">\n\t\t\t\t\t<a class=\"elementor-icon elementor-social-icon elementor-social-icon-youtube elementor-repeater-item-99d596e\" href=\"https:\/\/www.youtube.com\/@nico.tells.storys\">\n\t\t\t\t\t\t<span class=\"elementor-screen-only\">Youtube<\/span>\n\t\t\t\t\t\t<svg aria-hidden=\"true\" class=\"e-font-icon-svg e-fab-youtube\" viewBox=\"0 0 576 512\" xmlns=\"http:\/\/www.w3.org\/2000\/svg\"><path d=\"M549.655 124.083c-6.281-23.65-24.787-42.276-48.284-48.597C458.781 64 288 64 288 64S117.22 64 74.629 75.486c-23.497 6.322-42.003 24.947-48.284 48.597-11.412 42.867-11.412 132.305-11.412 132.305s0 89.438 11.412 132.305c6.281 23.65 24.787 41.5 48.284 47.821C117.22 448 288 448 288 448s170.78 0 213.371-11.486c23.497-6.321 42.003-24.171 48.284-47.821 11.412-42.867 11.412-132.305 11.412-132.305s0-89.438-11.412-132.305zm-317.51 213.508V175.185l142.739 81.205-142.739 81.201z\"><\/path><\/svg>\t\t\t\t\t<\/a>\n\t\t\t\t<\/span>\n\t\t\t\t\t\t\t<span class=\"elementor-grid-item\" role=\"listitem\">\n\t\t\t\t\t<a class=\"elementor-icon elementor-social-icon elementor-social-icon-instagram elementor-repeater-item-f787bb6\" href=\"https:\/\/www.instagram.com\/nico.tells.storys\/\">\n\t\t\t\t\t\t<span class=\"elementor-screen-only\">Instagram<\/span>\n\t\t\t\t\t\t<svg aria-hidden=\"true\" class=\"e-font-icon-svg e-fab-instagram\" viewBox=\"0 0 448 512\" xmlns=\"http:\/\/www.w3.org\/2000\/svg\"><path d=\"M224.1 141c-63.6 0-114.9 51.3-114.9 114.9s51.3 114.9 114.9 114.9S339 319.5 339 255.9 287.7 141 224.1 141zm0 189.6c-41.1 0-74.7-33.5-74.7-74.7s33.5-74.7 74.7-74.7 74.7 33.5 74.7 74.7-33.6 74.7-74.7 74.7zm146.4-194.3c0 14.9-12 26.8-26.8 26.8-14.9 0-26.8-12-26.8-26.8s12-26.8 26.8-26.8 26.8 12 26.8 26.8zm76.1 27.2c-1.7-35.9-9.9-67.7-36.2-93.9-26.2-26.2-58-34.4-93.9-36.2-37-2.1-147.9-2.1-184.9 0-35.8 1.7-67.6 9.9-93.9 36.1s-34.4 58-36.2 93.9c-2.1 37-2.1 147.9 0 184.9 1.7 35.9 9.9 67.7 36.2 93.9s58 34.4 93.9 36.2c37 2.1 147.9 2.1 184.9 0 35.9-1.7 67.7-9.9 93.9-36.2 26.2-26.2 34.4-58 36.2-93.9 2.1-37 2.1-147.8 0-184.8zM398.8 388c-7.8 19.6-22.9 34.7-42.6 42.6-29.5 11.7-99.5 9-132.1 9s-102.7 2.6-132.1-9c-19.6-7.8-34.7-22.9-42.6-42.6-11.7-29.5-9-99.5-9-132.1s-2.6-102.7 9-132.1c7.8-19.6 22.9-34.7 42.6-42.6 29.5-11.7 99.5-9 132.1-9s102.7-2.6 132.1 9c19.6 7.8 34.7 22.9 42.6 42.6 11.7 29.5 9 99.5 9 132.1s2.7 102.7-9 132.1z\"><\/path><\/svg>\t\t\t\t\t<\/a>\n\t\t\t\t<\/span>\n\t\t\t\t\t<\/div>\n\t\t\t\t\t\t<\/div>\n\t\t\t\t<\/div>\n\t\t\t\t\t<\/div>\n\t\t<\/div>\n\t\t\t\t\t<\/div>\n\t\t<\/section>\n\t\t\t\t<\/div>\n\t\t","protected":false},"excerpt":{"rendered":"<p>\u00dcber Mich Das bin ich Mein Name ist Nico Zimmermann und ich komme aus dem wundersch\u00f6nen Schwarzwald. Das Erschaffen von cinematischen Bildern und Videos bereitet mir gro\u00dfe Freude!\u00a0Inspiration finde ich durch Menschen, Begegnungen, die Natur, durch Geschichten und vor allem durch eigene Erfahrungen.\u00a0Man entwickelt sich als Mensch stetig weiter und somit auch sein Stil. (mehr [&hellip;]<\/p>\n","protected":false},"author":2,"featured_media":3118,"parent":0,"menu_order":0,"comment_status":"closed","ping_status":"closed","template":"","meta":{"footnotes":""},"class_list":["post-3114","page","type-page","status-publish","has-post-thumbnail","hentry"],"_links":{"self":[{"href":"https:\/\/nico-zimmermann.de\/index.php?rest_route=\/wp\/v2\/pages\/3114","targetHints":{"allow":["GET"]}}],"collection":[{"href":"https:\/\/nico-zimmermann.de\/index.php?rest_route=\/wp\/v2\/pages"}],"about":[{"href":"https:\/\/nico-zimmermann.de\/index.php?rest_route=\/wp\/v2\/types\/page"}],"author":[{"embeddable":true,"href":"https:\/\/nico-zimmermann.de\/index.php?rest_route=\/wp\/v2\/users\/2"}],"replies":[{"embeddable":true,"href":"https:\/\/nico-zimmermann.de\/index.php?rest_route=%2Fwp%2Fv2%2Fcomments&post=3114"}],"version-history":[{"count":10,"href":"https:\/\/nico-zimmermann.de\/index.php?rest_route=\/wp\/v2\/pages\/3114\/revisions"}],"predecessor-version":[{"id":5302,"href":"https:\/\/nico-zimmermann.de\/index.php?rest_route=\/wp\/v2\/pages\/3114\/revisions\/5302"}],"wp:featuredmedia":[{"embeddable":true,"href":"https:\/\/nico-zimmermann.de\/index.php?rest_route=\/wp\/v2\/media\/3118"}],"wp:attachment":[{"href":"https:\/\/nico-zimmermann.de\/index.php?rest_route=%2Fwp%2Fv2%2Fmedia&parent=3114"}],"curies":[{"name":"wp","href":"https:\/\/api.w.org\/{rel}","templated":true}]}}