{"id":3399,"date":"2024-05-04T11:49:54","date_gmt":"2024-05-04T09:49:54","guid":{"rendered":"https:\/\/nico-zimmermann.de\/?page_id=3399"},"modified":"2025-03-20T22:49:16","modified_gmt":"2025-03-20T21:49:16","slug":"agb","status":"publish","type":"page","link":"https:\/\/nico-zimmermann.de\/?page_id=3399","title":{"rendered":"AGB"},"content":{"rendered":"\t\t<div data-elementor-type=\"wp-page\" data-elementor-id=\"3399\" class=\"elementor elementor-3399\" data-elementor-post-type=\"page\">\n\t\t\t\t<div class=\"elementor-element elementor-element-3d22909 e-flex e-con-boxed e-con e-parent\" data-id=\"3d22909\" data-element_type=\"container\" data-e-type=\"container\">\n\t\t\t\t\t<div class=\"e-con-inner\">\n\t\t\t\t<div class=\"elementor-element elementor-element-f024e87 elementor-widget elementor-widget-text-editor\" data-id=\"f024e87\" data-element_type=\"widget\" data-e-type=\"widget\" data-widget_type=\"text-editor.default\">\n\t\t\t\t<div class=\"elementor-widget-container\">\n\t\t\t\t\t\t\t\t\t<p><b>Allgemeine Gesch\u00e4ftsbedingungen<\/b><\/p><p><br \/><b>1. Geltungsbereich<br \/><\/b>F\u00fcr alle Bestellungen \u00fcber unseren Online-Shop gelten die nachfolgenden AGB. Unser Online-Shop richtet sich ausschlie\u00dflich an Verbraucher. Verbraucher ist jede nat\u00fcrliche Person, die ein Rechtsgesch\u00e4ft zu Zwecken abschlie\u00dft, die \u00fcberwiegend weder ihrer gewerblichen noch ihrer selbst\u00e4ndigen beruflichen T\u00e4tigkeit zugerechnet werden k\u00f6nnen. Unternehmer ist eine nat\u00fcrliche oder juristische Person oder eine rechtsf\u00e4hige Personengesellschaft, die bei Abschluss eines Rechtsgesch\u00e4fts in Aus\u00fcbung ihre gewerblichen oder selbst\u00e4ndigen beruflichen T\u00e4tigkeit handelt.<\/p><p><br \/><b>2. Vertragspartner, Vertragsschluss,<br \/><\/b>Korrekturm\u00f6glichkeiten<\/p><p>Der Kaufvertrag kommt zustande mit Nico Zimmermann. Mit Einstellung der Produkte in den Online-Shop geben wir ein verbindliches Angebot\u00a0<span style=\"text-align: var(--text-align); background-color: var( --e-global-color-c696dce ); font-size: 1rem;\">zum Vertragsschluss \u00fcber diese Produkte ab. Sie k\u00f6nnen unsere Produkte zun\u00e4chst\u00a0<\/span><span style=\"text-align: var(--text-align); background-color: var( --e-global-color-c696dce ); font-size: 1rem;\">unverbindlich in den Warenkorb legen und Ihre Eingaben vor Absenden Ihrer\u00a0<\/span><span style=\"text-align: var(--text-align); background-color: var( --e-global-color-c696dce ); font-size: 1rem;\">verbindlichen Bestellung jederzeit korrigieren, indem Sie die hierf\u00fcr im Bestellablauf\u00a0<\/span><span style=\"text-align: var(--text-align); background-color: var( --e-global-color-c696dce ); font-size: 1rem;\">vorgesehenen und erl\u00e4uterten Korrekturhilfen nutzen. Der Vertrag kommt zustande,\u00a0<\/span><span style=\"text-align: var(--text-align); background-color: var( --e-global-color-c696dce ); font-size: 1rem;\">indem Sie durch Anklicken des Bestellbuttons das Angebot \u00fcber die im Warenkorb\u00a0<\/span><span style=\"text-align: var(--text-align); background-color: var( --e-global-color-c696dce ); font-size: 1rem;\">enthaltenen Produkte annehmen. Unmittelbar nach dem Absenden der Bestellung\u00a0<\/span><span style=\"text-align: var(--text-align); background-color: var( --e-global-color-c696dce ); font-size: 1rem;\">erhalten Sie noch einmal eine Best\u00e4tigung per E-Mail.<\/span><\/p><p><b>3. Vertragssprache, Vertragstextspeicherung<br \/><\/b>Die f\u00fcr den Vertragsschluss zur Verf\u00fcgung stehende(n) Sprache(n): Deutsch\u00a0<br \/><span style=\"text-align: var(--text-align); background-color: var( --e-global-color-c696dce ); font-size: 1rem;\">Wir speichern den Vertragstext und senden Ihnen die Bestelldaten und unsere AGB in\u00a0<\/span><span style=\"text-align: var(--text-align); background-color: var( --e-global-color-c696dce ); font-size: 1rem;\">Textform zu. Den Vertragstext k\u00f6nnen Sie in unserem Kunden-Login einsehen.<\/span><\/p><p><b>4. Vertragsgegenstand<br \/>4.1 Produktbeschreibung<br \/><\/b>Auf die Geltung der jeweiligen Produktbeschreibung als wesentlicher Bestandteil des Vertrages wird hingewiesen.<\/p><p><br \/><b>4.2 Produktbilder<br \/><\/b>Unbeschadet Ihrer gesetzlichen Gew\u00e4hrleistungsrechte m\u00f6chten wir Sie auf die nachfolgenden Besonderheiten hinweisen. Bei Unsicherheiten setzen Sie sich bitte mit uns in Verbindung:<br \/>Aufgrund individueller Bildschirmkonfigurationen (z.B. Aufl\u00f6sung und Helligkeit) sind geringf\u00fcgige Abweichungen zwischen den dargestellten und den tats\u00e4chlichen Produktfarben m\u00f6glich.<br \/>Bei Holzprodukten sind nat\u00fcrliche Abweichungen hinsichtlich Maserung, Struktur und Farbe des Holzes m\u00f6glich.<\/p><p><br \/><b>4.3 Nutzungsrecht<br \/><\/b>Die von uns zur Erf\u00fcllung des Auftrags gegebenenfalls erstellten Skizzen, Entw\u00fcrfe,<br \/>Vorerzeugnisse etc. sind rechtlich gesch\u00fctzt. Wir r\u00e4umen Ihnen ein einfaches, nicht<br \/>ausschlie\u00dfliches Recht zu ihrer Nutzung zum Zwecke der Auftragserf\u00fcllung in dem<br \/>vertraglich vereinbarten Umfang ein.<\/p><p><br \/><b>5. Anforderungen und Umgang mit Kundeninhalten<br \/>5.1 Anforderungen<br \/><\/b>Sofern f\u00fcr die Erf\u00fcllung des Auftrags erforderlich ist, dass Sie uns Inhalte (z.B. Texte, Daten, Dateien) \u00fcbermitteln, richten sich die hierf\u00fcr bestehenden technischen M\u00f6glichkeiten sowie die gegebenenfalls geltenden Anforderungen nach der jeweiligen Produktbeschreibung. Sie sind f\u00fcr den Inhalt einschlie\u00dflich der Rechtm\u00e4\u00dfigkeit und der Richtigkeit der von Ihnen \u00fcbermittelten Inhalte ausschlie\u00dflich verantwortlich. Wir nehmen keine inhaltlichredaktionelle Pr\u00fcfung vor Ausf\u00fchrung des Auftrags vor.<\/p><p><br \/><b>5.2 Einhaltung des geltenden Rechts<br \/><\/b>Die Inhalte sowie die daraus zu erstellenden Erzeugnisse m\u00fcssen stets im Einklang mit den jeweils geltenden rechtlichen Bestimmungen stehen. Insbesondere d\u00fcrfen sie keine Rechte und Anspr\u00fcche Dritter (insbesondere Urheber-, Marken- oder sonstige Schutzrechte) verletzen sowie keine gewaltverherrlichenden, diskriminierenden, rassistischen, fremdenfeindlichen oder anderen sittenwidrigen oder verfassungsfeindlichen Inhalte aufweisen bzw. Zwecken dienen.<\/p><p><br \/><b>5.3 Freistellung<br \/><\/b>Sie stellen uns von Anspr\u00fcchen Dritter frei, die diese im Zusammenhang mit einer Verletzung ihrer Rechte durch die vertragsgem\u00e4\u00dfe Nutzung durch uns geltend machen k\u00f6nnen. Sie \u00fcbernehmen hierbei auch die notwendigen Kosten der Rechtsverteidigung einschlie\u00dflich aller Gerichts- und Anwaltskosten in gesetzlicher H\u00f6he. Die Freistellung gilt nicht, soweit die Rechtsverletzung nicht von Ihnen zu vertreten ist. Sie sind verpflichtet, uns im Falle einer Inanspruchnahme durch Dritte unverz\u00fcglich, wahrheitsgem\u00e4\u00df und vollst\u00e4ndig alle Informationen zur Verf\u00fcgung zu stellen, die f\u00fcr die Pr\u00fcfung der Anspr\u00fcche und eine Verteidigung erforderlich sind.<\/p><p><br \/><b>5.4 R\u00fccktrittsvorbehalt<br \/><\/b>Wir behalten uns vor, den Auftrag abzulehnen oder vom Vertrag zur\u00fcckzutreten, wenn die von Ihnen hierf\u00fcr \u00fcberlassenen Inhalte gegen gesetzliche oder beh\u00f6rdliche Verbote oder gegen die guten Sitten versto\u00dfen oder ein diesbez\u00fcglicher begr\u00fcndeter Verdacht vorliegt. Dies gilt insbesondere bei \u00dcberlassung verfassungsfeindlicher, rassistischer, fremdenfeindlicher, diskriminierender, beleidigender, jugendgef\u00e4hrdender und\/oder Gewalt verherrlichender Inhalte.<\/p><p><br \/><b>6. Lieferbedingungen<br \/>6.1 Versandkosten<br \/><\/b>Zuz\u00fcglich zu den angegebenen Produktpreisen kommen bei dem Standardversand noch Versandkosten hinzu. N\u00e4heres zur H\u00f6he der Versandkosten erfahren Sie bei den Angeboten.<\/p><p><br \/><b>6.2 Lieferoptionen<br \/><\/b>Wir versenden die Produkte an die im Bestellprozess angegebene Lieferadresse.<br \/>Wir liefern nur im Versandweg. Eine Selbstabholung der Ware ist leider nicht m\u00f6glich.<br \/>Wir liefern nicht an Packstationen.<\/p><p><br \/><b>7. Bezahlung<br \/>7.1 Preise<br \/><\/b>Es gelten die zum Zeitpunkt der Bestellung angegebenen Preise. Diese sind Gesamtpreise. Wir erheben keine Mehrwertsteuer.<\/p><p><br \/><b>7.2 Zahlungsarten<br \/><\/b>In unserem Shop stehen Ihnen grunds\u00e4tzlich die nachfolgenden Zahlungsarten zur Verf\u00fcgung.\u00a0<\/p><p><b>Vorkasse\u00a0<br \/><\/b><span style=\"text-align: var(--text-align); background-color: var( --e-global-color-c696dce ); font-size: 1rem;\">Bei Auswahl der Zahlungsart Vorkasse nennen wir Ihnen unsere Bankverbindung in\u00a0<\/span><span style=\"text-align: var(--text-align); background-color: var( --e-global-color-c696dce ); font-size: 1rem;\">separater E-Mail und liefern die Ware nach Zahlungseingang.<\/span><\/p><p><b>SEPA-Lastschriftverfahren<br \/><\/b>Mit Abgabe der Bestellung erteilen Sie uns ein SEPA-Lastschriftmandat. \u00dcber das Datum der Kontobelastung werden wir Sie mindestens einen Bankgesch\u00e4ftstag im Voraus informieren (sog. Prenotification). Ein Bankgesch\u00e4ftstag ist jeder Werktag mit Ausnahme von Samstagen, bundeseinheitlichen gesetzlichen Feiertagen sowie der 24. Und 31. Dezember eines jeden Jahres. Die Kontobelastung erfolgt vor Versand der<br \/>Ware.<\/p><p><br \/><b>PayPal<\/b><br \/>Um den Rechnungsbetrag \u00fcber den Zahlungsdienstleister PayPal (Europe) S.\u00e0 r.l. et Cie, S.C.A, 22-24 Boulevard Royal, L-2449 Luxembourg (\u201ePayPal\u201c) bezahlen zu k\u00f6nnen, m\u00fcssen Sie bei PayPal registriert sein, sich mit Ihren Zugangsdaten legitimieren und die Zahlungsanweisung best\u00e4tigen. Die Zahlungstransaktion wird durch PayPal unmittelbar nach Abgabe der Bestellung durchgef\u00fchrt. Weitere Hinweise erhalten Sie im Bestellvorgang. PayPal kann registrierten und nach eigenen Kriterien ausgew\u00e4hlten PayPal-Kunden weitere Zahlungsmodalit\u00e4ten im Kundenkonto anbieten. Auf das Anbieten dieser Modalit\u00e4ten haben wir allerdings keinen Einfluss; weitere individuell angebotene Zahlungsmodalit\u00e4ten betreffen Ihr Rechtsverh\u00e4ltnis mit PayPal. Weitere Informationen hierzu finden Sie in Ihrem PayPal-Konto.<\/p><p><br \/><b>8. Eigentumsvorbehalt<br \/><\/b>Das Produkt bleibt bis zur vollst\u00e4ndigen Bezahlung unser Eigentum.<\/p><p><br \/><b>9. Transportsch\u00e4den<br \/><\/b>Werden Waren mit offensichtlichen Transportsch\u00e4den angeliefert, so reklamieren Sie solche Fehler bitte m\u00f6glichst sofort beim Zusteller und nehmen Sie bitte unverz\u00fcglich Kontakt zu uns auf. Die Vers\u00e4umung einer Reklamation oder Kontaktaufnahme hat f\u00fcr Ihre gesetzlichen Anspr\u00fcche und deren Durchsetzung, insbesondere Ihre Gew\u00e4hrleistungsrechte, keinerlei Konsequenzen. Sie helfen uns aber, unsere eigenen Anspr\u00fcche gegen\u00fcber dem Frachtf\u00fchrer bzw. der Transportversicherung geltend machen zu k\u00f6nnen.<br \/><b><br \/><\/b><\/p><p><b>10. Gew\u00e4hrleistung und Garantien<br \/>10.1 M\u00e4ngelhaftungsrecht<\/b><\/p><p>Es gilt das gesetzliche M\u00e4ngelhaftungsrecht.<\/p><p><br \/><b>10.2 Garantien und Kundendienst<br \/><\/b>Informationen zu gegebenenfalls geltenden zus\u00e4tzlichen Garantien und deren genaue Bedingungen finden Sie jeweils beim Produkt und auf besonderen Informationsseiten im Online-Shop.<\/p><p><br \/><b>11. Haftung<br \/><\/b>F\u00fcr Anspr\u00fcche aufgrund von Sch\u00e4den, die durch uns, unsere gesetzlichen Vertreter oder Erf\u00fcllungsgehilfen verursacht wurden, haften wir stets unbeschr\u00e4nkt bei Verletzung des Lebens, des K\u00f6rpers oder der Gesundheit,<br \/>bei vors\u00e4tzlicher oder grob fahrl\u00e4ssiger Pflichtverletzung, bei Garantieversprechen, soweit vereinbart, oder soweit der Anwendungsbereich des Produkthaftungsgesetzes er\u00f6ffnet ist. Bei Verletzung wesentlicher Vertragspflichten, deren Erf\u00fcllung die ordnungsgem\u00e4\u00dfe Durchf\u00fchrung des Vertrages \u00fcberhaupt erst erm\u00f6glicht und auf deren Einhaltung der Vertragspartner regelm\u00e4\u00dfig vertrauen darf, (Kardinalpflichten) durch leichte Fahrl\u00e4ssigkeit von uns, unseren gesetzlichen Vertretern oder Erf\u00fcllungsgehilfen ist die Haftung der H\u00f6he nach auf den bei Vertragsschluss vorhersehbaren Schaden begrenzt, mit dessen Entstehung typischerweise gerechnet werden muss. Im \u00dcbrigen sind Anspr\u00fcche auf Schadensersatz ausgeschlossen.<\/p><p><br \/><b>12. Streitbeilegung<br \/><\/b>Die Europ\u00e4ische Kommission stellt eine Plattform zur Online-Streitbeilegung (OS) bereit, die Sie hier finden. Zur Teilnahme an einem Streitbeilegungsverfahren vor einer Verbraucherschlichtungsstelle sind wir nicht verpflichtet und nicht bereit. Sollten einzelne Klauseln dieser AGB ganz oder teilweise unwirksam sein, so bleibt der Vertrag im \u00dcbrigen wirksam. Soweit einzelne Klauseln unwirksam sind, richtet sich der Inhalt des Vertrags nach den gesetzlichen Vorschriften. AGB erstellt mit dem Trusted Shops Rechtstexter<\/p>\t\t\t\t\t\t\t\t<\/div>\n\t\t\t\t<\/div>\n\t\t\t\t\t<\/div>\n\t\t\t\t<\/div>\n\t\t\t\t<\/div>\n\t\t","protected":false},"excerpt":{"rendered":"<p>Allgemeine Gesch\u00e4ftsbedingungen 1. GeltungsbereichF\u00fcr alle Bestellungen \u00fcber unseren Online-Shop gelten die nachfolgenden AGB. Unser Online-Shop richtet sich ausschlie\u00dflich an Verbraucher. Verbraucher ist jede nat\u00fcrliche Person, die ein Rechtsgesch\u00e4ft zu Zwecken abschlie\u00dft, die \u00fcberwiegend weder ihrer gewerblichen noch ihrer selbst\u00e4ndigen beruflichen T\u00e4tigkeit zugerechnet werden k\u00f6nnen. Unternehmer ist eine nat\u00fcrliche oder juristische Person oder eine rechtsf\u00e4hige Personengesellschaft, [&hellip;]<\/p>\n","protected":false},"author":2,"featured_media":0,"parent":0,"menu_order":0,"comment_status":"closed","ping_status":"closed","template":"","meta":{"footnotes":""},"class_list":["post-3399","page","type-page","status-publish","hentry"],"_links":{"self":[{"href":"https:\/\/nico-zimmermann.de\/index.php?rest_route=\/wp\/v2\/pages\/3399","targetHints":{"allow":["GET"]}}],"collection":[{"href":"https:\/\/nico-zimmermann.de\/index.php?rest_route=\/wp\/v2\/pages"}],"about":[{"href":"https:\/\/nico-zimmermann.de\/index.php?rest_route=\/wp\/v2\/types\/page"}],"author":[{"embeddable":true,"href":"https:\/\/nico-zimmermann.de\/index.php?rest_route=\/wp\/v2\/users\/2"}],"replies":[{"embeddable":true,"href":"https:\/\/nico-zimmermann.de\/index.php?rest_route=%2Fwp%2Fv2%2Fcomments&post=3399"}],"version-history":[{"count":10,"href":"https:\/\/nico-zimmermann.de\/index.php?rest_route=\/wp\/v2\/pages\/3399\/revisions"}],"predecessor-version":[{"id":4850,"href":"https:\/\/nico-zimmermann.de\/index.php?rest_route=\/wp\/v2\/pages\/3399\/revisions\/4850"}],"wp:attachment":[{"href":"https:\/\/nico-zimmermann.de\/index.php?rest_route=%2Fwp%2Fv2%2Fmedia&parent=3399"}],"curies":[{"name":"wp","href":"https:\/\/api.w.org\/{rel}","templated":true}]}}